{"id":46,"date":"2021-07-09T19:58:59","date_gmt":"2021-07-09T17:58:59","guid":{"rendered":"http:\/\/apartamenty-parkowe.pl\/?page_id=46"},"modified":"2025-04-15T09:11:12","modified_gmt":"2025-04-15T07:11:12","slug":"regulamin","status":"publish","type":"page","link":"https:\/\/apartamenty-parkowe.pl\/?page_id=46","title":{"rendered":"Regulamin"},"content":{"rendered":"\n<p>Niniejszy regulamin okre\u015bla zasady pobytu oraz warunki, na kt\u00f3rych mo\u017cna dokona\u0107 rezerwacji pobytu w obiekcie Apartamenty Parkowe Gniezno zlokalizowanych pod adresem ul. Ko\u015bciuszki 1, 62-200 Gniezno, kt\u00f3rych w\u0142a\u015bcicielem jest ELPOS F.U.P Stefan Pok\u0142adecki (ul. Pocztowa 3, 62-200 Gniezno NIP: 7840001809 REGON: 630515156).<\/p>\n\n\n\n<p><br>I. REZERWACJA<br>Rezerwacj\u0119 uwa\u017ca si\u0119 za potwierdzon\u0105 z chwil\u0105 otrzymania e-maila z informacj\u0105 o jej przyj\u0119ciu oraz uiszczeniem zaliczki w wysoko\u015bci 100% warto\u015bci rezerwacji. Ceny przedstawione w systemie zawieraj\u0105 podatek VAT.<\/p>\n\n\n\n<p>II. ANULOWANIE REZERWACJI:<\/p>\n\n\n\n<ul class=\"wp-block-list\">\n<li>w ofercie standardowej &#8211; anulowanie jest bezp\u0142atne co najmniej 7 dni przed przyjazdem. W przypadku odwo\u0142ania rezerwacji w ci\u0105gu 7 dni przed przyjazdem koszt wynosi 100% warto\u015bci rezerwacji .<\/li>\n\n\n\n<li>w ofercie bezzwrotnej &#8211; koszt wynosi 100% warto\u015bci rezerwacji &nbsp;<\/li>\n<\/ul>\n\n\n\n<p>III. WARUNKI<br>&nbsp;<\/p>\n\n\n\n<ol class=\"wp-block-list\">\n<li>Apartamenty wynajmowane s\u0105 na doby. Doba pobytowa zaczyna si\u0119 o godz. 16.00 i ko\u0144czy o godz. 11.00 ostatniego dnia pobytu. Na specjalne \u017cyczenie i w przypadku, gdy apartament jest dost\u0119pny, mo\u017cliwe jest wcze\u015bniejsze zameldowanie lub p\u00f3\u017aniejsze wymeldowanie.<\/li>\n\n\n\n<li>P\u0142atno\u015b\u0107 za pobyt nie podlega zwrotowi w przypadku skr\u00f3cenia pobytu.<\/li>\n\n\n\n<li>Dzie\u0144 przed przyjazdem zostanie Pa\u0144stwu wys\u0142ana instrukcja samodzielnego zameldowania do apartamentu.<\/li>\n\n\n\n<li>W obiekcie nie akceptujemy zwierz\u0105t (mo\u017cliwe wyj\u0105tki po wcze\u015bniejszym uzgodnieniu).<\/li>\n\n\n\n<li>W obiekcie\/pokojach obowi\u0105zuje ca\u0142kowity zakaz palenia tytoniu. Za palenie w apartamencie go\u015b\u0107 zostanie obci\u0105\u017cony kwot\u0105 1000z\u0142.<\/li>\n\n\n\n<li>Cisza nocna obowi\u0105zuje od godz. 22.00 do godz. 6.00.<\/li>\n\n\n\n<li>Go\u015bcie obiektu ponosz\u0105 odpowiedzialno\u015b\u0107 za wszelkie szkody wyrz\u0105dzone w pokojach. Szkoda oznacza zar\u00f3wno zniszczenie lub uszkodzenie element\u00f3w wyposa\u017cenia pokoju jak ich utrat\u0119.<\/li>\n\n\n\n<li>W przypadku powstania szkody podczas pobytu, Go\u015b\u0107 jest zobowi\u0105zany do pokrycia koszt\u00f3w jej naprawy. Za szkody wyrz\u0105dzone przez dzieci odpowiadaj\u0105 rodzice. Go\u015b\u0107 powinien zawiadomi\u0107 Wynajmuj\u0105cego o wyst\u0105pieniu szkody b\u0105d\u017a te\u017c o jej stwierdzeniu.<br>Go\u015bcie zobowi\u0105zani s\u0105 przechowywa\u0107 klucz do pokoju z nale\u017cyt\u0105 staranno\u015bci\u0105. W przypadku jego utraty, Go\u015bcie zostan\u0105 obci\u0105\u017ceni kosztami w wysoko\u015bci 200 z\u0142.<\/li>\n\n\n\n<li>Wynajmuj\u0105cy nie ponosi odpowiedzialno\u015bci za rzeczy warto\u015bciowe nale\u017c\u0105ce do Go\u015bcia pozostawione w pokojach.<\/li>\n\n\n\n<li>Wynajmuj\u0105cy nie ponosi odpowiedzialno\u015bci z tytu\u0142u roszcze\u0144 w przypadku zaj\u015bcia nieszcz\u0119\u015bliwych wypadk\u00f3w.<\/li>\n\n\n\n<li>Za bezpiecze\u0144stwo dzieci przebywaj\u0105cych w obiekcie odpowiedzialno\u015b\u0107 ponosz\u0105 ich rodzice lub opiekunowie. Nie wolno zostawia\u0107 dzieci bez opieki w apartamencie.<\/li>\n\n\n\n<li>Go\u015bcie zobowi\u0105zuj\u0105 si\u0119 wykorzystywa\u0107 obiekt jedynie do cel\u00f3w mieszkalnych (turystycznych, wypoczynkowych) \u2013 zabrania si\u0119 organizowania imprez oraz \u015bwiadczenia us\u0142ug w obiekcie. Nie dopuszcza si\u0119 prowadzenia jakiejkolwiek dzia\u0142alno\u015bci, zw\u0142aszcza zwi\u0105zanej z przyjmowaniem os\u00f3b.<\/li>\n\n\n\n<li>W trakcie pobytu liczba os\u00f3b przebywaj\u0105cych w apartamencie nie mo\u017ce przekracza\u0107 liczby os\u00f3b wskazanej &nbsp;w rezerwacji. Odwiedziny dodatkowych os\u00f3b mo\u017cliwe za zgod\u0105 Wynajmuj\u0105cego.<\/li>\n\n\n\n<li>Obs\u0142uga apartamentu nie ma prawa bez zezwolenia Go\u015bcia wchodzi\u0107 do wynaj\u0119tego apartamentu. Prawo wej\u015bcia do wynaj\u0119tego obiektu pozostawia si\u0119 jedynie w przypadku zauwa\u017cenia zagro\u017ce\u0144 dla bezpiecze\u0144stwa Go\u015bci lub w przypadku niestosowania si\u0119 Go\u015bci do regulaminu.<\/li>\n\n\n\n<li>W przypadku, gdy Go\u015b\u0107 w spos\u00f3b znacz\u0105cy narusza spok\u00f3j i\/lub dobra s\u0105siad\u00f3w oraz nie przestrzega niniejszego regulaminu, Wynajmuj\u0105cy zastrzega sobie prawo do wypowiedzenia Go\u015bciowi pobytu i nie jest w\u00f3wczas zobowi\u0105zany do zwrotu pieni\u0119dzy za niewykorzystany okres.<\/li>\n\n\n\n<li>Za naruszenie zasad wymienionych w niniejszym regulaminie Apartamenty Parkowe na\u0142o\u017c\u0105 na Go\u015bci kar\u0119 w wysoko\u015bci 400 z\u0142.<\/li>\n\n\n\n<li>Ewentualne reklamacje dotycz\u0105ce rezerwacji i pobytu przesy\u0142a\u0107 nale\u017cy na adres gniezno@apartamenty-parkowe.pl. Wynajmuj\u0105cy udzieli odpowiedzi w sprawie reklamacji w terminie 14 dni od daty otrzymania.<br>&nbsp;<\/li>\n<\/ol>\n\n\n\n<p>IV. USTALENIA KO\u0143COWE<br>Osoba dokonuj\u0105ca rezerwacji online ponosi odpowiedzialno\u015b\u0107 za prawid\u0142owo\u015b\u0107 danych podanych w formularzu rezerwacyjnym. Obs\u0142uga nie ponosi odpowiedzialno\u015bci za nieprawid\u0142owy wyb\u00f3r terminu lub b\u0142\u0119dnie wprowadzone dane w formularzu. W przypadku stwierdzenia nieprawid\u0142owo\u015bci, kt\u00f3rych nie mo\u017cna skorygowa\u0107 poprzez edycj\u0119 rezerwacji, prosimy o pilny kontakt z obs\u0142ug\u0105.<\/p>\n","protected":false},"excerpt":{"rendered":"<p>Niniejszy regulamin okre\u015bla zasady pobytu oraz warunki, na kt\u00f3rych mo\u017cna dokona\u0107 rezerwacji pobytu w obiekcie Apartamenty Parkowe Gniezno zlokalizowanych pod adresem ul. Ko\u015bciuszki 1, 62-200 Gniezno, kt\u00f3rych w\u0142a\u015bcicielem jest ELPOS F.U.P Stefan Pok\u0142adecki (ul. Pocztowa 3, 62-200 Gniezno NIP: 7840001809 REGON: 630515156). I. REZERWACJARezerwacj\u0119 uwa\u017ca si\u0119 za potwierdzon\u0105 z chwil\u0105 otrzymania e-maila z informacj\u0105 o &hellip; <\/p>\n<p class=\"link-more\"><a href=\"https:\/\/apartamenty-parkowe.pl\/?page_id=46\" class=\"more-link\">Czytaj dalej<span class=\"screen-reader-text\"> \u201eRegulamin\u201d<\/span><\/a><\/p>\n","protected":false},"author":1,"featured_media":0,"parent":0,"menu_order":0,"comment_status":"closed","ping_status":"closed","template":"","meta":{"footnotes":""},"class_list":["post-46","page","type-page","status-publish","hentry"],"_links":{"self":[{"href":"https:\/\/apartamenty-parkowe.pl\/index.php?rest_route=\/wp\/v2\/pages\/46","targetHints":{"allow":["GET"]}}],"collection":[{"href":"https:\/\/apartamenty-parkowe.pl\/index.php?rest_route=\/wp\/v2\/pages"}],"about":[{"href":"https:\/\/apartamenty-parkowe.pl\/index.php?rest_route=\/wp\/v2\/types\/page"}],"author":[{"embeddable":true,"href":"https:\/\/apartamenty-parkowe.pl\/index.php?rest_route=\/wp\/v2\/users\/1"}],"replies":[{"embeddable":true,"href":"https:\/\/apartamenty-parkowe.pl\/index.php?rest_route=%2Fwp%2Fv2%2Fcomments&post=46"}],"version-history":[{"count":19,"href":"https:\/\/apartamenty-parkowe.pl\/index.php?rest_route=\/wp\/v2\/pages\/46\/revisions"}],"predecessor-version":[{"id":383,"href":"https:\/\/apartamenty-parkowe.pl\/index.php?rest_route=\/wp\/v2\/pages\/46\/revisions\/383"}],"wp:attachment":[{"href":"https:\/\/apartamenty-parkowe.pl\/index.php?rest_route=%2Fwp%2Fv2%2Fmedia&parent=46"}],"curies":[{"name":"wp","href":"https:\/\/api.w.org\/{rel}","templated":true}]}}